{"id":474,"date":"2011-12-23T00:00:38","date_gmt":"2011-12-22T23:00:38","guid":{"rendered":"http:\/\/2018new.trforge.net\/?page_id=474"},"modified":"2018-05-26T16:49:25","modified_gmt":"2018-05-26T14:49:25","slug":"level-messy-christmas","status":"publish","type":"page","link":"https:\/\/www.trforge.net\/en\/levels\/level-messy-christmas\/","title":{"rendered":"Level: Messy Christmas"},"content":{"rendered":"<p>Dieses Level enth\u00e4lt Fallen und Gegner. Leicht erregbare Gem\u00fcter sollten es besser nicht spielen. Wir haben dich gewarnt. Ja, ich war ein b\u00f6ses M\u00e4dchen. Bitte nicht schlagen.<\/p>\n<p><img decoding=\"async\" loading=\"lazy\" class=\"alignnone size-thumbnail\" src=\"https:\/\/trforge.net\/advent\/2011\/day23\/level1.jpg\" width=\"550\" height=\"309\" \/><\/p>\n<h1>Story:<\/h1>\n<p>Am Tag vor Weihnachten kam Lara von einem Abenteuer nach Hause. Aber alles ist durcheinander! Der Stern f\u00fcr den Weihnachtsbaum ist verschwunden. Es gibt kein Abendessen, und Lara hat noch kein Geschenk f\u00fcr Winston. \u00dcbrigens, wo ist Winston&#8230;?<\/p>\n<p>Bringe alles in Ordnung bevor Lara noch komplett durchdreht.<\/p>\n<p><img decoding=\"async\" loading=\"lazy\" class=\"alignnone size-thumbnail\" src=\"https:\/\/trforge.net\/advent\/2011\/day23\/level2.jpg\" width=\"550\" height=\"354\" \/><\/p>\n<h1>Secrets:<\/h1>\n<p>6<\/p>\n<h1>Hinweise:<\/h1>\n<ul>\n<li>Der Kompass funktioniert wie ein richtiger Kompass.<\/li>\n<li>Regenbogen-Feen sind fast harmlos. Aber t\u00f6te sie ruhig. Das macht Spa\u00df.<\/li>\n<li>H\u00f6r dir blo\u00df nicht die Titelmusik an.<\/li>\n<li>Greife nach den Sternen!<\/li>\n<li>Robot-Unicorns sollte man nicht w\u00e4ssern, sonst stirbt man einen feurigen Tod!<\/li>\n<\/ul>\n<h1>Bekannte Fehler &#038; Bugfixes:<\/h1>\n<ul>\n<li>Falls das Level zu langsam l\u00e4uft oder sogar abst\u00fcrzt, versuche es mit der abgespeckten tomb4.exe<\/li>\n<li>IMMER DEN HELLO-KITTY-MASSAGESTAB MITNEHMEN! Er hat die b\u00f6sartige Eigenschaft, das Spiel ins totale Chaos zu st\u00fcrzen und Lara willk\u00fcrlich zu t\u00f6ten, wenn man ihn unbeaufsichtigt liegen l\u00e4sst.<\/li>\n<li>Das Level st\u00fcrzt manchmal ab, wenn man die Ferngl\u00e4ser benutzt.<\/li>\n<li>Hier und da tauchen manchmal Flammen unbekannter Herkunft auf.<\/li>\n<li>Lara stirbt mit einer verkorksten Animation beim Fahren des &#8220;Jeeps&#8221;, aber da kann man nichts machen.<\/li>\n<\/ul>\n<p><a href=\"https:\/\/trforge.net\/advent\/2011\/day23\/Messy%20Christmas.zip\"><img decoding=\"async\" loading=\"lazy\" class=\"alignnone size-full wp-image-209\" src=\"https:\/\/trforge.net\/wp-content\/uploads\/2018\/04\/download.gif\" alt=\"\" width=\"142\" height=\"50\" \/><\/a><\/p>\n<p class=\"infobox\">Dieser Content wurde im Rahmen des <a href=\"https:\/\/trforge.net\/advent\/2011\" target=\"_blank\" rel=\"noopener\">TRForge Adventskalenders 2011<\/a> erstellt.<br \/>\nFalls vom Autoren selbst nicht anders angegeben, respektiere bitte die <a href=\"https:\/\/www.trforge.net\/allgemeine-benutzungsrichtlinien\/\">allgemeinen Benutzungsrichtlinien<\/a> zur Nutzung von TRForge-Inhalten.<\/p>\n","protected":false},"excerpt":{"rendered":"<p>Dieses Level enth\u00e4lt Fallen und Gegner. Leicht erregbare Gem\u00fcter sollten es besser nicht spielen. Wir haben dich gewarnt. Ja, ich war ein b\u00f6ses M\u00e4dchen. Bitte nicht schlagen. Story: Am Tag vor Weihnachten kam Lara von einem Abenteuer nach Hause. Aber &hellip; <a href=\"https:\/\/www.trforge.net\/en\/levels\/level-messy-christmas\/\">Continue reading <span class=\"meta-nav\">&rarr;<\/span><\/a><\/p>\n","protected":false},"author":1,"featured_media":475,"parent":38,"menu_order":0,"comment_status":"closed","ping_status":"closed","template":"sidebar-page.php","meta":[],"tags":[6],"_links":{"self":[{"href":"https:\/\/www.trforge.net\/en\/wp-json\/wp\/v2\/pages\/474"}],"collection":[{"href":"https:\/\/www.trforge.net\/en\/wp-json\/wp\/v2\/pages"}],"about":[{"href":"https:\/\/www.trforge.net\/en\/wp-json\/wp\/v2\/types\/page"}],"author":[{"embeddable":true,"href":"https:\/\/www.trforge.net\/en\/wp-json\/wp\/v2\/users\/1"}],"replies":[{"embeddable":true,"href":"https:\/\/www.trforge.net\/en\/wp-json\/wp\/v2\/comments?post=474"}],"version-history":[{"count":8,"href":"https:\/\/www.trforge.net\/en\/wp-json\/wp\/v2\/pages\/474\/revisions"}],"predecessor-version":[{"id":1673,"href":"https:\/\/www.trforge.net\/en\/wp-json\/wp\/v2\/pages\/474\/revisions\/1673"}],"up":[{"embeddable":true,"href":"https:\/\/www.trforge.net\/en\/wp-json\/wp\/v2\/pages\/38"}],"wp:featuredmedia":[{"embeddable":true,"href":"https:\/\/www.trforge.net\/en\/wp-json\/wp\/v2\/media\/475"}],"wp:attachment":[{"href":"https:\/\/www.trforge.net\/en\/wp-json\/wp\/v2\/media?parent=474"}],"wp:term":[{"taxonomy":"post_tag","embeddable":true,"href":"https:\/\/www.trforge.net\/en\/wp-json\/wp\/v2\/tags?post=474"}],"curies":[{"name":"wp","href":"https:\/\/api.w.org\/{rel}","templated":true}]}}