{"id":463,"date":"2011-12-18T00:00:00","date_gmt":"2011-12-17T23:00:00","guid":{"rendered":"http:\/\/2018new.trforge.net\/?page_id=463"},"modified":"2018-05-21T17:50:47","modified_gmt":"2018-05-21T15:50:47","slug":"laras-lied","status":"publish","type":"page","link":"https:\/\/www.trforge.net\/en\/goodies\/laras-lied\/","title":{"rendered":"Laras Lied"},"content":{"rendered":"<p>Lara ist immer viel unterwegs in aller Welt. St\u00e4ndig st\u00fcrzt sie sich von einem Abenteuer ins n\u00e4chste. Sie steigt auf die h\u00f6chsten Berge, taucht hinab in die tiefsten Tiefen, durchquert hei\u00dfe W\u00fcsten und das ewige Eis der Arktis. Sie k\u00e4mpft sich durch wilden Dschungel und unheimliche H\u00f6hlen.<\/p>\n<p>Oft bringt sie wertvolle Artefakte mit nach Hause. Doch geht es ihr wirklich nur darum? Reicht\u00fcmer zu besitzen und zu sammeln?<br \/>\nOder tut sie es doch wegen etwas anderem? Was treibt sie an?<br \/>\nDar\u00fcber singt Lara nun in diesem Song:<\/p>\n<h1>Exploring The World<\/h1>\n<p><iframe loading=\"lazy\" src=\"https:\/\/www.youtube.com\/embed\/DfrnniOmlrw\" width=\"640\" height=\"480\" frameborder=\"0\" allowfullscreen=\"allowfullscreen\"><\/iframe><\/p>\n<h1>Credits:<\/h1>\n<dl>\n<dt>Soundtrack:<\/dt>\n<dd>&#8220;Part of your world&#8221; from The Little Mermaid<br \/>\n\u00a9 by The Walt Disney Company<br \/>\ncomposed by Alan Menken and Howard Ashman<\/dd>\n<dt>Lyrics:<\/dt>\n<dd>uranos1<\/dd>\n<dt>Vocals:<\/dt>\n<dd>Noroelle<\/dd>\n<dt>Credits Music:<\/dt>\n<dd>Tomb Raider 1 Theme<br \/>\n(c) by Square Enix<br \/>\ncomposed by Nathan McCree<\/dd>\n<dt>Textures &#038; Objects:<\/dt>\n<dd>\n<ul>\n<li><small><i> (in alphabetical order)<\/i><\/small><\/li>\n<li>BARRY<\/li>\n<li>Codo<\/li>\n<li>deskj<\/li>\n<li>karlo002<\/li>\n<li>Laras Boyfriend<\/li>\n<li>maax_87<\/li>\n<li>Nadine L. (Horus)<\/li>\n<li>PoYu<\/li>\n<li>TifaNazah<\/li>\n<li>TRANGEL<\/li>\n<li>Trinity<\/li>\n<li>tweetygwee<\/li>\n<li>VanselStorM<\/li>\n<\/ul>\n<\/dd>\n<dt>Video Editing:<\/dt>\n<dd>uranos<\/dd>\n<dt>Special Thanks:<\/dt>\n<dd>The TR-Forge Advent Calendar team:<br \/>\nBeholder, Codo, cybie, Eva, gabiza7, Luke, Nadine, Soul, TifaNazah<\/dd>\n<\/dl>\n<p class=\"infobox\">Dieser Content wurde im Rahmen des <a href=\"http:\/\/trforge.net\/advent\/2011\" target=\"_blank\" rel=\"noopener\">TRForge Adventskalenders 2011<\/a> erstellt.<br \/>\nFalls vom Autoren selbst nicht anders angegeben, respektiere bitte die <a href=\"http:\/\/www.trforge.net\/allgemeine-benutzungsrichtlinien\/\">allgemeinen Benutzungsrichtlinien<\/a> zur Nutzung von TRForge-Inhalten.<\/p>\n","protected":false},"excerpt":{"rendered":"<p>Lara ist immer viel unterwegs in aller Welt. St\u00e4ndig st\u00fcrzt sie sich von einem Abenteuer ins n\u00e4chste. Sie steigt auf die h\u00f6chsten Berge, taucht hinab in die tiefsten Tiefen, durchquert hei\u00dfe W\u00fcsten und das ewige Eis der Arktis. Sie k\u00e4mpft &hellip; <a href=\"https:\/\/www.trforge.net\/en\/goodies\/laras-lied\/\">Continue reading <span class=\"meta-nav\">&rarr;<\/span><\/a><\/p>\n","protected":false},"author":1,"featured_media":465,"parent":118,"menu_order":0,"comment_status":"closed","ping_status":"closed","template":"sidebar-page.php","meta":[],"tags":[12],"_links":{"self":[{"href":"https:\/\/www.trforge.net\/en\/wp-json\/wp\/v2\/pages\/463"}],"collection":[{"href":"https:\/\/www.trforge.net\/en\/wp-json\/wp\/v2\/pages"}],"about":[{"href":"https:\/\/www.trforge.net\/en\/wp-json\/wp\/v2\/types\/page"}],"author":[{"embeddable":true,"href":"https:\/\/www.trforge.net\/en\/wp-json\/wp\/v2\/users\/1"}],"replies":[{"embeddable":true,"href":"https:\/\/www.trforge.net\/en\/wp-json\/wp\/v2\/comments?post=463"}],"version-history":[{"count":8,"href":"https:\/\/www.trforge.net\/en\/wp-json\/wp\/v2\/pages\/463\/revisions"}],"predecessor-version":[{"id":1540,"href":"https:\/\/www.trforge.net\/en\/wp-json\/wp\/v2\/pages\/463\/revisions\/1540"}],"up":[{"embeddable":true,"href":"https:\/\/www.trforge.net\/en\/wp-json\/wp\/v2\/pages\/118"}],"wp:featuredmedia":[{"embeddable":true,"href":"https:\/\/www.trforge.net\/en\/wp-json\/wp\/v2\/media\/465"}],"wp:attachment":[{"href":"https:\/\/www.trforge.net\/en\/wp-json\/wp\/v2\/media?parent=463"}],"wp:term":[{"taxonomy":"post_tag","embeddable":true,"href":"https:\/\/www.trforge.net\/en\/wp-json\/wp\/v2\/tags?post=463"}],"curies":[{"name":"wp","href":"https:\/\/api.w.org\/{rel}","templated":true}]}}