{"id":459,"date":"2011-12-13T00:00:59","date_gmt":"2011-12-12T23:00:59","guid":{"rendered":"http:\/\/2018new.trforge.net\/?page_id=459"},"modified":"2018-05-21T17:49:41","modified_gmt":"2018-05-21T15:49:41","slug":"warum-gegner-zur-weihnachtszeit-in-tr-customlevels-einfach-gar-nichts-zu-suchen-haben","status":"publish","type":"page","link":"https:\/\/www.trforge.net\/en\/goodies\/texte-gedichte\/warum-gegner-zur-weihnachtszeit-in-tr-customlevels-einfach-gar-nichts-zu-suchen-haben\/","title":{"rendered":"Warum Gegner zur Weihnachtszeit in TR-Customlevels einfach gar nichts zu suchen haben"},"content":{"rendered":"<p><img decoding=\"async\" loading=\"lazy\" class=\"alignright size-thumbnail\" src=\"https:\/\/trforge.net\/advent\/2011\/day13\/ffffuuuu.png\" width=\"290\" height=\"275\" \/> Brot (in Form von Pl\u00e4tzchen) und Spiele (in der TR-Szene meistens TR-Customlevels) haben zur Weihnachtszeit Hochkonjunktur. In virtuellen Adventskalendern, in dem sogenannten Internet, finden sich jede Menge TR-Weihnachtslevel. In manchen davon geht es alles andere als friedlich zu: statt helfe dem Weihnachtsmann beim Zusammenpacken der Geschenke und backe den Friede-Freude-Eierkuchen (alternativ auch ohne Ei), muss sich Lara mit frustrierenden Timeruns herumschlagen und von pl\u00f6tzlich und unerwartet aus dem Boden schie\u00dfenden Stacheln aufspie\u00dfen lassen. Wir finden: es reicht, und zwar sowas von!! Wir m\u00fcssen gegen diesen zunehmenden Widersacher-Trend in TR-Weihnachtsleveln angehen. Daher haben wir vier M\u00f6glichkeiten f\u00fcr Sie zusammengesucht, mit denen Sie Ihre Level zur Weihnachtszeit extra friedlich gestalten.<\/p>\n<h1>1. Setzen Sie Gegner doch mal einfach positiv ein<\/h1>\n<p>Zum Beispiel in Form eines Schneetigers, den Sie mit entsprechenden Patches zum liebevollen Begleiter f\u00fcr Lara umgestalten. Sollten Sie sich wundern, warum der Tiger Lara ab und an in den Hintern bei\u00dft, k\u00f6nnen wir Sie beruhigen: der will doch nur spielen.<\/p>\n<p><img decoding=\"async\" loading=\"lazy\" class=\"alignnone size-thumbnail\" src=\"https:\/\/trforge.net\/advent\/2011\/day13\/tiger.png\" width=\"500\" height=\"542\" \/><\/p>\n<h1>2. Lassen Sie sich nicht vom Schein tr\u00fcgen<\/h1>\n<p>Scheinbar n\u00fctzliche Gegenst\u00e4nde k\u00f6nnen zu Gegnern mutieren. Seit dem TRForge-Adventskalender 2009 wurden in regelm\u00e4\u00dfigen Abst\u00e4nden Hammer und Zuckerstangen mit Fl\u00fcgeln in Weihnachtsleveln ausgemacht, die Lara nicht gerade mit besten Absichten verfolgten&#8230;<\/p>\n<p>&#8230;und gar eine Seeschlange wurde gesichtet.<\/p>\n<p><img decoding=\"async\" loading=\"lazy\" class=\"alignnone size-thumbnail\" src=\"https:\/\/trforge.net\/advent\/2011\/day13\/seasnake.png\" width=\"500\" height=\"509\" \/><\/p>\n<h1>3. Vermeiden Sie Timeruns, Fallen und Bananenspr\u00fcnge.<\/h1>\n<p>Denn: zur Weihnachtszeit fahren selbst Tomb Raider-Spieler ihren Kreislauf herunter und verfallen in eine Art Gem\u00fctlichkeits- und Friedensstarre &#8211; flottes Handeln und Schockzust\u00e4nde sind den Spielern dann zumindest bis zum 24. Dezember, an dem das neuste Ballerspiel unterm Weihnachtsbaum liegt, nicht zumutbar.<\/p>\n<h1>4. Setzen Sie keine Motorr\u00e4der als Fortbewegungsmittel in Ihren Leveln ein.<\/h1>\n<p>Damit k\u00f6nnte der Spieler niedliche Gegner-Tiere umfahren. Geben Sie Lara dagegen lieber den Z\u00fcgel eines Pferdes in die Hand.<\/p>\n<p><img decoding=\"async\" loading=\"lazy\" class=\"alignnone size-thumbnail\" src=\"https:\/\/trforge.net\/advent\/2011\/day13\/bike.png\" width=\"500\" height=\"354\" \/><\/p>\n<p class=\"infobox\">Dieser Content wurde im Rahmen des <a href=\"http:\/\/trforge.net\/advent\/2011\" target=\"_blank\" rel=\"noopener\">TRForge Adventskalenders 2011<\/a> erstellt.<br \/>\nFalls vom Autoren selbst nicht anders angegeben, respektiere bitte die <a href=\"http:\/\/www.trforge.net\/allgemeine-benutzungsrichtlinien\/\">allgemeinen Benutzungsrichtlinien<\/a> zur Nutzung von TRForge-Inhalten.<\/p>\n","protected":false},"excerpt":{"rendered":"<p>Brot (in Form von Pl\u00e4tzchen) und Spiele (in der TR-Szene meistens TR-Customlevels) haben zur Weihnachtszeit Hochkonjunktur. In virtuellen Adventskalendern, in dem sogenannten Internet, finden sich jede Menge TR-Weihnachtslevel. In manchen davon geht es alles andere als friedlich zu: statt helfe &hellip; <a href=\"https:\/\/www.trforge.net\/en\/goodies\/texte-gedichte\/warum-gegner-zur-weihnachtszeit-in-tr-customlevels-einfach-gar-nichts-zu-suchen-haben\/\">Continue reading <span class=\"meta-nav\">&rarr;<\/span><\/a><\/p>\n","protected":false},"author":1,"featured_media":462,"parent":501,"menu_order":0,"comment_status":"closed","ping_status":"closed","template":"sidebar-page.php","meta":[],"tags":[10],"_links":{"self":[{"href":"https:\/\/www.trforge.net\/en\/wp-json\/wp\/v2\/pages\/459"}],"collection":[{"href":"https:\/\/www.trforge.net\/en\/wp-json\/wp\/v2\/pages"}],"about":[{"href":"https:\/\/www.trforge.net\/en\/wp-json\/wp\/v2\/types\/page"}],"author":[{"embeddable":true,"href":"https:\/\/www.trforge.net\/en\/wp-json\/wp\/v2\/users\/1"}],"replies":[{"embeddable":true,"href":"https:\/\/www.trforge.net\/en\/wp-json\/wp\/v2\/comments?post=459"}],"version-history":[{"count":7,"href":"https:\/\/www.trforge.net\/en\/wp-json\/wp\/v2\/pages\/459\/revisions"}],"predecessor-version":[{"id":594,"href":"https:\/\/www.trforge.net\/en\/wp-json\/wp\/v2\/pages\/459\/revisions\/594"}],"up":[{"embeddable":true,"href":"https:\/\/www.trforge.net\/en\/wp-json\/wp\/v2\/pages\/501"}],"wp:featuredmedia":[{"embeddable":true,"href":"https:\/\/www.trforge.net\/en\/wp-json\/wp\/v2\/media\/462"}],"wp:attachment":[{"href":"https:\/\/www.trforge.net\/en\/wp-json\/wp\/v2\/media?parent=459"}],"wp:term":[{"taxonomy":"post_tag","embeddable":true,"href":"https:\/\/www.trforge.net\/en\/wp-json\/wp\/v2\/tags?post=459"}],"curies":[{"name":"wp","href":"https:\/\/api.w.org\/{rel}","templated":true}]}}