{"id":449,"date":"2011-12-09T00:00:46","date_gmt":"2011-12-08T23:00:46","guid":{"rendered":"http:\/\/2018new.trforge.net\/?page_id=449"},"modified":"2018-05-26T16:48:46","modified_gmt":"2018-05-26T14:48:46","slug":"level-level-von-gabiza7","status":"publish","type":"page","link":"https:\/\/www.trforge.net\/en\/levels\/level-level-von-gabiza7\/","title":{"rendered":"Level: Level von gabiza7"},"content":{"rendered":"<h1>Story:<\/h1>\n<p>W\u00e4hrend eines Schneesturms rettet sich Lara in einen Turm, in dem sie sich allerdings versehentlich auch gleich selbst einschlie\u00dft. Nachdem du ihr helfen solltest, wieder in die Freiheit zu gelangen, muss Lara noch eine spezielle Aufgabe im Turm l\u00f6sen. Findest du heraus was?<\/p>\n<p><img decoding=\"async\" loading=\"lazy\" class=\"alignnone size-thumbnail\" src=\"https:\/\/trforge.net\/advent\/2011\/day9\/image\/bild2.jpg\" width=\"388\" height=\"311\" \/><\/p>\n<h1>Hinweise:<\/h1>\n<p>Bitte sparsam mit der Revolver-Munitition umgehen. Und wenn ihr einen 16:9- oder 16:10-Monitor besitzt, setzt bitte vor dem Spielen einen Haken bei &#8220;Widescreen&#8221; im Setup.<\/p>\n<p><img decoding=\"async\" loading=\"lazy\" class=\"alignnone size-thumbnail\" src=\"https:\/\/trforge.net\/advent\/2011\/day9\/image\/bild1.jpg\" width=\"403\" height=\"322\" \/><\/p>\n<p>Dieses Level ist exklusiv f\u00fcr TRForge.net. Bitte habt Verst\u00e4ndnis, dass ich deshalb nicht m\u00f6chte, wenn Ihr mein Level auf eurem Server zum Download anbietet. Danke. \ud83d\ude42<\/p>\n<p><a href=\"https:\/\/trforge.net\/advent\/2011\/day9\/gabiza7_Level.zip\"><img decoding=\"async\" loading=\"lazy\" class=\"alignnone size-full wp-image-209\" src=\"https:\/\/trforge.net\/wp-content\/uploads\/2018\/04\/download.gif\" alt=\"\" width=\"142\" height=\"50\" \/><\/a><\/p>\n<p>Solltet ihr technische Probleme beim Spielen meines oder anderer TRForge-Adventskalender-Level(s) haben oder einfach nicht weiter kommen, nutzt <a href=\"http:\/\/trforge.net\/forum\" target=\"_blank\" rel=\"noopener\">unser Forum.<\/a> Dort k\u00f6nnt ihr euch ebenfalls mit uns Levelbauern und anderen Spielern unterhalten. Die tomb4.exe ist gepatcht. Daher l\u00e4uft mein Level leider nicht unter Mac.<\/p>\n<hr \/>\n<p class=\"infobox\">Dieser Content wurde im Rahmen des <a href=\"https:\/\/trforge.net\/advent\/2011\" target=\"_blank\" rel=\"noopener\">TRForge Adventskalenders 2011<\/a> erstellt.<br \/>\nFalls vom Autoren selbst nicht anders angegeben, respektiere bitte die <a href=\"https:\/\/www.trforge.net\/allgemeine-benutzungsrichtlinien\/\">allgemeinen Benutzungsrichtlinien<\/a> zur Nutzung von TRForge-Inhalten.<\/p>\n","protected":false},"excerpt":{"rendered":"<p>Story: W\u00e4hrend eines Schneesturms rettet sich Lara in einen Turm, in dem sie sich allerdings versehentlich auch gleich selbst einschlie\u00dft. Nachdem du ihr helfen solltest, wieder in die Freiheit zu gelangen, muss Lara noch eine spezielle Aufgabe im Turm l\u00f6sen. &hellip; <a href=\"https:\/\/www.trforge.net\/en\/levels\/level-level-von-gabiza7\/\">Continue reading <span class=\"meta-nav\">&rarr;<\/span><\/a><\/p>\n","protected":false},"author":1,"featured_media":450,"parent":38,"menu_order":0,"comment_status":"closed","ping_status":"closed","template":"sidebar-page.php","meta":[],"tags":[6],"_links":{"self":[{"href":"https:\/\/www.trforge.net\/en\/wp-json\/wp\/v2\/pages\/449"}],"collection":[{"href":"https:\/\/www.trforge.net\/en\/wp-json\/wp\/v2\/pages"}],"about":[{"href":"https:\/\/www.trforge.net\/en\/wp-json\/wp\/v2\/types\/page"}],"author":[{"embeddable":true,"href":"https:\/\/www.trforge.net\/en\/wp-json\/wp\/v2\/users\/1"}],"replies":[{"embeddable":true,"href":"https:\/\/www.trforge.net\/en\/wp-json\/wp\/v2\/comments?post=449"}],"version-history":[{"count":7,"href":"https:\/\/www.trforge.net\/en\/wp-json\/wp\/v2\/pages\/449\/revisions"}],"predecessor-version":[{"id":1672,"href":"https:\/\/www.trforge.net\/en\/wp-json\/wp\/v2\/pages\/449\/revisions\/1672"}],"up":[{"embeddable":true,"href":"https:\/\/www.trforge.net\/en\/wp-json\/wp\/v2\/pages\/38"}],"wp:featuredmedia":[{"embeddable":true,"href":"https:\/\/www.trforge.net\/en\/wp-json\/wp\/v2\/media\/450"}],"wp:attachment":[{"href":"https:\/\/www.trforge.net\/en\/wp-json\/wp\/v2\/media?parent=449"}],"wp:term":[{"taxonomy":"post_tag","embeddable":true,"href":"https:\/\/www.trforge.net\/en\/wp-json\/wp\/v2\/tags?post=449"}],"curies":[{"name":"wp","href":"https:\/\/api.w.org\/{rel}","templated":true}]}}