{"id":434,"date":"2011-12-03T00:00:12","date_gmt":"2011-12-02T23:00:12","guid":{"rendered":"http:\/\/2018new.trforge.net\/?page_id=434"},"modified":"2018-05-21T20:01:12","modified_gmt":"2018-05-21T18:01:12","slug":"level-the-pirate-princess","status":"publish","type":"page","link":"https:\/\/www.trforge.net\/en\/levels\/level-the-pirate-princess\/","title":{"rendered":"Level: The Pirate Princess"},"content":{"rendered":"<p>Ahoi Reisender!<br \/>\nGenug von Schnee und K\u00e4lte? Die Rettung naht!<\/p>\n<p><img decoding=\"async\" loading=\"lazy\" src=\"https:\/\/trforge.net\/advent\/2011\/day3\/4.jpg\" width=\"640\" height=\"480\" class=\"alignnone size-thumbnail\" \/><\/p>\n<h1>Story:<\/h1>\n<p>Lara segelte auf einer Expedition durch die Karibische See, als sie in einen Sturm geriet und strandete. Wie sie sp\u00e4ter erf\u00e4hrt, auf Puerto Corona &#8211; der Insel, auf welcher der letzte Prinz der Piraten vor rund 200 Jahren seine Krone versteckte.<\/p>\n<p><img decoding=\"async\" loading=\"lazy\" src=\"https:\/\/trforge.net\/advent\/2011\/day3\/2.jpg\" width=\"640\" height=\"480\" class=\"alignnone size-thumbnail\" \/><\/p>\n<h1>Secrets:<\/h1>\n<p>13 (komm blo\u00df nicht ohne Gold zur\u00fcck!)<\/p>\n<p>Da sind wenige Gegner, aber Fallen, die dich \u00fcberrollen, r\u00f6sten oder sonst wie verhauen, also besauf&#8217; dich nicht (zu sehr).<\/p>\n<p><img decoding=\"async\" loading=\"lazy\" src=\"https:\/\/trforge.net\/advent\/2011\/day3\/3.jpg\" width=\"640\" height=\"480\" class=\"alignnone size-thumbnail\" \/><\/p>\n<p>Die Entscheidung liegt bei dir. Sei mutig und erkunde die Insel, mach&#8217; Freunde und Feinde, bedien&#8217; dich an frischem Rum w\u00e4hrend du den Meerblick genie\u00dft oder geh&#8217; auf die Jagd nach verborgenen Sch\u00e4tzen.<\/p>\n<p><img decoding=\"async\" loading=\"lazy\" src=\"https:\/\/trforge.net\/advent\/2011\/day3\/1.jpg\" width=\"640\" height=\"480\" class=\"alignnone size-thumbnail\" \/><\/p>\n<p><strong>Jetzt aber an die Arbeit!<\/strong><\/p>\n<p><img decoding=\"async\" loading=\"lazy\" src=\"https:\/\/trforge.net\/advent\/2011\/day3\/5.jpg\" width=\"640\" height=\"480\" class=\"alignnone size-thumbnail\" \/><\/p>\n<h1>Installation:<\/h1>\n<p>Entpacke alle Dateien in einen neuen Ordner.<br \/>\nL\u00f6sche die Datei &#8220;ENGLISH&#8221; und kopiere die Dateien im Ordner &#8220;DEUTSCH&#8221; in den Ordner &#8220;audio&#8221;.<br \/>\nDanach einfach die tomb4.exe starten.<\/p>\n<h1>Hinweis:<\/h1>\n<p>Nicht auf den Pavian schie\u00dfen!<br \/>\nFalls es doch passieren sollte, einfach den Hebel nochmal ziehen und er ist wieder da.<\/p>\n<p><a href=\"http:\/\/trforge.net\/advent\/2011\/day3\/Luke-ThePiratePrincess.zip\"><img decoding=\"async\" loading=\"lazy\" src=\"https:\/\/trforge.net\/wp-content\/uploads\/2018\/04\/download.gif\" alt=\"\" width=\"142\" height=\"50\" class=\"alignnone size-full wp-image-209\" \/><\/a><\/p>\n<p class=\"infobox\">Dieser Content wurde im Rahmen des <a href=\"http:\/\/trforge.net\/advent\/2011\" target=\"_blank\" rel=\"noopener\">TRForge Adventskalenders 2011<\/a> erstellt.<br \/>\nFalls vom Autoren selbst nicht anders angegeben, respektiere bitte die <a href=\"http:\/\/www.trforge.net\/allgemeine-benutzungsrichtlinien\/\">allgemeinen Benutzungsrichtlinien<\/a> zur Nutzung von TRForge-Inhalten.<\/p>\n","protected":false},"excerpt":{"rendered":"<p>Ahoi Reisender! Genug von Schnee und K\u00e4lte? Die Rettung naht! Story: Lara segelte auf einer Expedition durch die Karibische See, als sie in einen Sturm geriet und strandete. Wie sie sp\u00e4ter erf\u00e4hrt, auf Puerto Corona &#8211; der Insel, auf welcher &hellip; <a href=\"https:\/\/www.trforge.net\/en\/levels\/level-the-pirate-princess\/\">Continue reading <span class=\"meta-nav\">&rarr;<\/span><\/a><\/p>\n","protected":false},"author":1,"featured_media":435,"parent":38,"menu_order":0,"comment_status":"closed","ping_status":"closed","template":"sidebar-page.php","meta":[],"tags":[6],"_links":{"self":[{"href":"https:\/\/www.trforge.net\/en\/wp-json\/wp\/v2\/pages\/434"}],"collection":[{"href":"https:\/\/www.trforge.net\/en\/wp-json\/wp\/v2\/pages"}],"about":[{"href":"https:\/\/www.trforge.net\/en\/wp-json\/wp\/v2\/types\/page"}],"author":[{"embeddable":true,"href":"https:\/\/www.trforge.net\/en\/wp-json\/wp\/v2\/users\/1"}],"replies":[{"embeddable":true,"href":"https:\/\/www.trforge.net\/en\/wp-json\/wp\/v2\/comments?post=434"}],"version-history":[{"count":7,"href":"https:\/\/www.trforge.net\/en\/wp-json\/wp\/v2\/pages\/434\/revisions"}],"predecessor-version":[{"id":1642,"href":"https:\/\/www.trforge.net\/en\/wp-json\/wp\/v2\/pages\/434\/revisions\/1642"}],"up":[{"embeddable":true,"href":"https:\/\/www.trforge.net\/en\/wp-json\/wp\/v2\/pages\/38"}],"wp:featuredmedia":[{"embeddable":true,"href":"https:\/\/www.trforge.net\/en\/wp-json\/wp\/v2\/media\/435"}],"wp:attachment":[{"href":"https:\/\/www.trforge.net\/en\/wp-json\/wp\/v2\/media?parent=434"}],"wp:term":[{"taxonomy":"post_tag","embeddable":true,"href":"https:\/\/www.trforge.net\/en\/wp-json\/wp\/v2\/tags?post=434"}],"curies":[{"name":"wp","href":"https:\/\/api.w.org\/{rel}","templated":true}]}}