{"id":430,"date":"2010-12-20T00:00:20","date_gmt":"2010-12-19T23:00:20","guid":{"rendered":"http:\/\/2018new.trforge.net\/?page_id=430"},"modified":"2018-05-21T19:59:50","modified_gmt":"2018-05-21T17:59:50","slug":"level-nonogramm","status":"publish","type":"page","link":"https:\/\/www.trforge.net\/en\/levels\/level-nonogramm\/","title":{"rendered":"Level: Nonogramm"},"content":{"rendered":"<p><img decoding=\"async\" loading=\"lazy\" src=\"https:\/\/trforge.net\/advent\/2010\/day20\/Title.jpg\" width=\"502\" height=\"283\" class=\"alignnone size-thumbnail\" \/><\/p>\n<p>Hilf Lara ein Nonogramm (<a href=\"https:\/\/de.wikipedia.org\/wiki\/Nonogramm\" rel=\"noopener\" target=\"_blank\">was ist das?<\/a>) zu l\u00f6sen (dieses Level war gedacht, um Punkte im <a href=\"http:\/\/trforge.net\/advent\/2010\" rel=\"noopener\" target=\"_blank\">Adventskalender von 2010<\/a> Punkte zu sammeln). <\/p>\n<p>Keine Sorge, das Level enth\u00e4lt ein ausf\u00fchrliches Tutorial zum L\u00f6sen von Nonogrammen. Also halt&#8217; dich ran und l\u00f6s&#8217; das Nonogramm! <\/p>\n<p><a href=\"http:\/\/trforge.net\/advent\/2010\/day20\/Soul-Nonogram.zip\"><img decoding=\"async\" loading=\"lazy\" src=\"https:\/\/trforge.net\/wp-content\/uploads\/2018\/04\/download.gif\" alt=\"\" width=\"142\" height=\"50\" class=\"alignnone size-full wp-image-209\" \/><\/a><\/p>\n<p class=\"infobox\">Dieser Content wurde im Rahmen des <a href=\"http:\/\/trforge.net\/advent\/2010\" target=\"_blank\" rel=\"noopener\">TRForge Adventskalenders 2010<\/a> erstellt.<br \/>\nFalls vom Autoren selbst nicht anders angegeben, respektiere bitte die <a href=\"http:\/\/www.trforge.net\/allgemeine-benutzungsrichtlinien\/\">allgemeinen Benutzungsrichtlinien<\/a> zur Nutzung von TRForge-Inhalten.<\/p>\n","protected":false},"excerpt":{"rendered":"<p>Hilf Lara ein Nonogramm (was ist das?) zu l\u00f6sen (dieses Level war gedacht, um Punkte im Adventskalender von 2010 Punkte zu sammeln). Keine Sorge, das Level enth\u00e4lt ein ausf\u00fchrliches Tutorial zum L\u00f6sen von Nonogrammen. Also halt&#8217; dich ran und l\u00f6s&#8217; &hellip; <a href=\"https:\/\/www.trforge.net\/en\/levels\/level-nonogramm\/\">Continue reading <span class=\"meta-nav\">&rarr;<\/span><\/a><\/p>\n","protected":false},"author":1,"featured_media":431,"parent":38,"menu_order":0,"comment_status":"closed","ping_status":"closed","template":"sidebar-page.php","meta":[],"tags":[6],"_links":{"self":[{"href":"https:\/\/www.trforge.net\/en\/wp-json\/wp\/v2\/pages\/430"}],"collection":[{"href":"https:\/\/www.trforge.net\/en\/wp-json\/wp\/v2\/pages"}],"about":[{"href":"https:\/\/www.trforge.net\/en\/wp-json\/wp\/v2\/types\/page"}],"author":[{"embeddable":true,"href":"https:\/\/www.trforge.net\/en\/wp-json\/wp\/v2\/users\/1"}],"replies":[{"embeddable":true,"href":"https:\/\/www.trforge.net\/en\/wp-json\/wp\/v2\/comments?post=430"}],"version-history":[{"count":7,"href":"https:\/\/www.trforge.net\/en\/wp-json\/wp\/v2\/pages\/430\/revisions"}],"predecessor-version":[{"id":1637,"href":"https:\/\/www.trforge.net\/en\/wp-json\/wp\/v2\/pages\/430\/revisions\/1637"}],"up":[{"embeddable":true,"href":"https:\/\/www.trforge.net\/en\/wp-json\/wp\/v2\/pages\/38"}],"wp:featuredmedia":[{"embeddable":true,"href":"https:\/\/www.trforge.net\/en\/wp-json\/wp\/v2\/media\/431"}],"wp:attachment":[{"href":"https:\/\/www.trforge.net\/en\/wp-json\/wp\/v2\/media?parent=430"}],"wp:term":[{"taxonomy":"post_tag","embeddable":true,"href":"https:\/\/www.trforge.net\/en\/wp-json\/wp\/v2\/tags?post=430"}],"curies":[{"name":"wp","href":"https:\/\/api.w.org\/{rel}","templated":true}]}}