{"id":383,"date":"2009-12-18T00:00:13","date_gmt":"2009-12-17T23:00:13","guid":{"rendered":"http:\/\/2018new.trforge.net\/?page_id=383"},"modified":"2018-05-21T19:59:08","modified_gmt":"2018-05-21T17:59:08","slug":"level-nix-divinus","status":"publish","type":"page","link":"https:\/\/www.trforge.net\/en\/levels\/level-nix-divinus\/","title":{"rendered":"Level: Nix Divinus"},"content":{"rendered":"<h1>Story:<\/h1>\n<p>Nix Divinus spielt direkt nach Dijon. Lara baut nach einen rutschigen Schneepfad einen Unfall und schlittert mit ihrem Motorrad einen Schneeh\u00fcgel hinab und landet in einem verlassenem Dorf(?).<\/p>\n<p><img decoding=\"async\" loading=\"lazy\" src=\"https:\/\/trforge.net\/advent\/2009\/day18\/pictures\/screen4.jpg\" width=\"492\" height=\"287\" class=\"alignnone size-thumbnail\" \/><\/p>\n<p><img decoding=\"async\" loading=\"lazy\" src=\"https:\/\/trforge.net\/advent\/2009\/day18\/pictures\/screen3.jpg\" width=\"492\" height=\"287\" class=\"alignnone size-thumbnail\" \/><\/p>\n<p><img decoding=\"async\" loading=\"lazy\" src=\"https:\/\/trforge.net\/advent\/2009\/day18\/pictures\/screen2.jpg\" width=\"492\" height=\"287\" class=\"alignnone size-thumbnail\" \/><\/p>\n<p><img decoding=\"async\" loading=\"lazy\" src=\"https:\/\/trforge.net\/advent\/2009\/day18\/pictures\/screen1.jpg\" width=\"492\" height=\"287\" class=\"alignnone size-thumbnail\" \/><\/p>\n<h1>WICHTIG:<\/h1>\n<p>Dieses Level ist exklusiv f\u00fcr TRForge.net und TRLevel.de. Bitte habt Verst\u00e4ndnis daf\u00fcr, dass ich nicht m\u00f6chte, dass dieses Level auf irgend einer anderen Seite zum Download angeboten wird.<\/p>\n<p><a href=\"http:\/\/www.devxs.de\/temp\/Levels\/illyaineNixDivinus.rar\"><img decoding=\"async\" loading=\"lazy\" src=\"https:\/\/trforge.net\/wp-content\/uploads\/2018\/04\/download.gif\" alt=\"\" width=\"142\" height=\"50\" class=\"alignnone size-full wp-image-209\" \/><\/a><\/p>\n<p class=\"infobox\">Dieser Content wurde <strong>exklusiv<\/strong> im Rahmen des <a href=\"http:\/\/trforge.net\/advent\/2009\" target=\"_blank\" rel=\"noopener\">TRForge Adventskalenders 2009<\/a> erstellt.<br \/>\nFalls vom Autoren selbst nicht anders angegeben, respektiere bitte die <a href=\"http:\/\/www.trforge.net\/allgemeine-benutzungsrichtlinien\/\">allgemeinen Benutzungsrichtlinien<\/a> zur Nutzung von TRForge-Inhalten.<\/p>\n","protected":false},"excerpt":{"rendered":"<p>Story: Nix Divinus spielt direkt nach Dijon. Lara baut nach einen rutschigen Schneepfad einen Unfall und schlittert mit ihrem Motorrad einen Schneeh\u00fcgel hinab und landet in einem verlassenem Dorf(?). WICHTIG: Dieses Level ist exklusiv f\u00fcr TRForge.net und TRLevel.de. Bitte habt &hellip; <a href=\"https:\/\/www.trforge.net\/en\/levels\/level-nix-divinus\/\">Continue reading <span class=\"meta-nav\">&rarr;<\/span><\/a><\/p>\n","protected":false},"author":1,"featured_media":384,"parent":38,"menu_order":0,"comment_status":"closed","ping_status":"closed","template":"sidebar-page.php","meta":[],"tags":[6],"_links":{"self":[{"href":"https:\/\/www.trforge.net\/en\/wp-json\/wp\/v2\/pages\/383"}],"collection":[{"href":"https:\/\/www.trforge.net\/en\/wp-json\/wp\/v2\/pages"}],"about":[{"href":"https:\/\/www.trforge.net\/en\/wp-json\/wp\/v2\/types\/page"}],"author":[{"embeddable":true,"href":"https:\/\/www.trforge.net\/en\/wp-json\/wp\/v2\/users\/1"}],"replies":[{"embeddable":true,"href":"https:\/\/www.trforge.net\/en\/wp-json\/wp\/v2\/comments?post=383"}],"version-history":[{"count":9,"href":"https:\/\/www.trforge.net\/en\/wp-json\/wp\/v2\/pages\/383\/revisions"}],"predecessor-version":[{"id":1635,"href":"https:\/\/www.trforge.net\/en\/wp-json\/wp\/v2\/pages\/383\/revisions\/1635"}],"up":[{"embeddable":true,"href":"https:\/\/www.trforge.net\/en\/wp-json\/wp\/v2\/pages\/38"}],"wp:featuredmedia":[{"embeddable":true,"href":"https:\/\/www.trforge.net\/en\/wp-json\/wp\/v2\/media\/384"}],"wp:attachment":[{"href":"https:\/\/www.trforge.net\/en\/wp-json\/wp\/v2\/media?parent=383"}],"wp:term":[{"taxonomy":"post_tag","embeddable":true,"href":"https:\/\/www.trforge.net\/en\/wp-json\/wp\/v2\/tags?post=383"}],"curies":[{"name":"wp","href":"https:\/\/api.w.org\/{rel}","templated":true}]}}