{"id":379,"date":"2009-12-16T00:00:20","date_gmt":"2009-12-15T23:00:20","guid":{"rendered":"http:\/\/2018new.trforge.net\/?page_id=379"},"modified":"2018-05-26T16:45:21","modified_gmt":"2018-05-26T14:45:21","slug":"level-a-special-tutorial-level","status":"publish","type":"page","link":"https:\/\/www.trforge.net\/en\/levels\/level-a-special-tutorial-level\/","title":{"rendered":"Level: A Special Tutorial Level"},"content":{"rendered":"<p>Dank an illyaine f\u00fcr all die Hilfe in letzter Minute.<br \/>\nDie (vielleicht) schlechte Nachricht mal vorweg: Dies ist kein Weihnachtslevel. Ich wollte zuerst zumindest ein wenig Schnee einbauen, empfand es aber sp\u00e4ter als unpassend.<\/p>\n<p>Nun aber eine gute Nachricht: Dieses Level zeigt eine ganz andere Seite, man k\u00f6nnte sagen die dunkle Seite, von TR. Um das Spiel vollst\u00e4ndig abzuschlie\u00dfen, muss man n\u00e4mlich Shortcuts, Glitches und teilweise unbekannte Tricks anwenden.<\/p>\n<p><img decoding=\"async\" loading=\"lazy\" class=\"alignnone size-thumbnail\" src=\"https:\/\/trforge.net\/advent\/2009\/day16\/pictures\/screen1.jpg\" width=\"894\" height=\"671\" \/><\/p>\n<p>Da ich nur rund 2 Wochen an dem Level gebaut habe wurde es leider dementsprechend kurz.<br \/>\nNach guten 10-15 Spielminuten ist schon Schluss. Ich hoffe aber, dass ich euch in diesen 15 Minuten verbl\u00fcffen, verwundern oder erheitern konnte.<\/p>\n<p>Bitte lest auch unbedingt die liesmich.txt und nun bleibt mir nur noch zu sagen: <strong>HAPPY RAIDING!<\/strong><\/p>\n<p><a href=\"https:\/\/trforge.net\/advent\/2009\/day16\/Soul-ASpecialTutorialLevel.zip\"><img decoding=\"async\" loading=\"lazy\" class=\"alignnone size-full wp-image-209\" src=\"https:\/\/trforge.net\/wp-content\/uploads\/2018\/04\/download.gif\" alt=\"\" width=\"142\" height=\"50\" \/><\/a><\/p>\n<p class=\"infobox\">Dieser Content wurde im Rahmen des <a href=\"https:\/\/trforge.net\/advent\/2009\" target=\"_blank\" rel=\"noopener\">TRForge Adventskalenders 2009<\/a> erstellt.<br \/>\nFalls vom Autoren selbst nicht anders angegeben, respektiere bitte die <a href=\"https:\/\/www.trforge.net\/allgemeine-benutzungsrichtlinien\/\">allgemeinen Benutzungsrichtlinien<\/a> zur Nutzung von TRForge-Inhalten.<\/p>\n","protected":false},"excerpt":{"rendered":"<p>Dank an illyaine f\u00fcr all die Hilfe in letzter Minute. Die (vielleicht) schlechte Nachricht mal vorweg: Dies ist kein Weihnachtslevel. Ich wollte zuerst zumindest ein wenig Schnee einbauen, empfand es aber sp\u00e4ter als unpassend. Nun aber eine gute Nachricht: Dieses &hellip; <a href=\"https:\/\/www.trforge.net\/en\/levels\/level-a-special-tutorial-level\/\">Continue reading <span class=\"meta-nav\">&rarr;<\/span><\/a><\/p>\n","protected":false},"author":1,"featured_media":380,"parent":38,"menu_order":0,"comment_status":"closed","ping_status":"closed","template":"sidebar-page.php","meta":[],"tags":[6],"_links":{"self":[{"href":"https:\/\/www.trforge.net\/en\/wp-json\/wp\/v2\/pages\/379"}],"collection":[{"href":"https:\/\/www.trforge.net\/en\/wp-json\/wp\/v2\/pages"}],"about":[{"href":"https:\/\/www.trforge.net\/en\/wp-json\/wp\/v2\/types\/page"}],"author":[{"embeddable":true,"href":"https:\/\/www.trforge.net\/en\/wp-json\/wp\/v2\/users\/1"}],"replies":[{"embeddable":true,"href":"https:\/\/www.trforge.net\/en\/wp-json\/wp\/v2\/comments?post=379"}],"version-history":[{"count":8,"href":"https:\/\/www.trforge.net\/en\/wp-json\/wp\/v2\/pages\/379\/revisions"}],"predecessor-version":[{"id":1664,"href":"https:\/\/www.trforge.net\/en\/wp-json\/wp\/v2\/pages\/379\/revisions\/1664"}],"up":[{"embeddable":true,"href":"https:\/\/www.trforge.net\/en\/wp-json\/wp\/v2\/pages\/38"}],"wp:featuredmedia":[{"embeddable":true,"href":"https:\/\/www.trforge.net\/en\/wp-json\/wp\/v2\/media\/380"}],"wp:attachment":[{"href":"https:\/\/www.trforge.net\/en\/wp-json\/wp\/v2\/media?parent=379"}],"wp:term":[{"taxonomy":"post_tag","embeddable":true,"href":"https:\/\/www.trforge.net\/en\/wp-json\/wp\/v2\/tags?post=379"}],"curies":[{"name":"wp","href":"https:\/\/api.w.org\/{rel}","templated":true}]}}