{"id":281,"date":"2009-12-10T00:00:24","date_gmt":"2009-12-09T23:00:24","guid":{"rendered":"http:\/\/2018new.trforge.net\/?page_id=281"},"modified":"2018-05-26T16:43:06","modified_gmt":"2018-05-26T14:43:06","slug":"level-7-fehlende-geschenke","status":"publish","type":"page","link":"https:\/\/www.trforge.net\/en\/levels\/level-7-fehlende-geschenke\/","title":{"rendered":"Level: 7 fehlende Geschenke"},"content":{"rendered":"<p><img decoding=\"async\" loading=\"lazy\" class=\"alignnone size-medium\" src=\"https:\/\/trforge.net\/advent\/2009\/day10\/7missinggiftstifanazah001.jpg\" width=\"450\" height=\"308\" \/><\/p>\n<h1>Story:<\/h1>\n<p>Es ist Heiligabend und Lara bereitet sich in ihrem Zimmer vor. Sie hat sich ein h\u00fcbsches Kleid ausgesucht und will gerade ihre Haare machen, als sie unerwartet Besuch bekommt und ein Brief sie erreicht&#8230;<\/p>\n<p><img decoding=\"async\" loading=\"lazy\" class=\"alignnone size-medium\" src=\"https:\/\/trforge.net\/advent\/2009\/day10\/7missinggiftstifanazah002.jpg\" width=\"450\" height=\"308\" \/><\/p>\n<h1>Steuerung des Schlittens:<\/h1>\n<p><strong>STRG \u2192<\/strong> Auf den Schlitten aufsteigen (nur von der rechten Seite m\u00f6glich)<br \/>\n<strong>STRG (haltend) \u2192<\/strong> Gas geben bzw. beschleunigen<br \/>\n<strong>ALT \u2192<\/strong> Bremsen bzw. anhalten<br \/>\n<strong>ALT + rechte Pfeiltaste<\/strong> \u2192 Absteigen (nur bei festem Stand m\u00f6glich)<\/p>\n<p><img decoding=\"async\" loading=\"lazy\" class=\"alignnone size-medium\" src=\"https:\/\/trforge.net\/advent\/2009\/day10\/7missinggiftstifanazah003.jpg\" width=\"450\" height=\"308\" \/><\/p>\n<h1>Allgemeine Hinweise und Empfehlungen:<\/h1>\n<ul>\n<li>Eine Installation ist nicht n\u00f6tig, einfach die Dateien entpacken und die tomb4.exe anklicken \u2013 f\u00fcr ein deutsches Spiel m\u00fcssen noch zwei Datein ver\u00e4ndert werden \u2013 zum einen muss die <em>english.dat<\/em> aus dem Hauptordner gel\u00f6scht werden, zum anderen muss im Unterordner <em>\/pix<\/em> die Datei <em>77de.bmp<\/em> in <em>77.bmp<\/em> umbenannt werden (dazu die vorhandene <em>77.bmp<\/em> l\u00f6schen\/umbenennen)<\/li>\n<li>Achtung! Pistolenmunition (wird f\u00fcr einige R\u00e4tsel ben\u00f6tigt) und Fackeln (sind nicht wirklich n\u00f6tig) sind in diesem Level begrenzt \u2013 geht also sparsam damit um!<\/li>\n<li>Es gibt keine Gegner, was aber nicht hei\u00dft, dass Lara nicht sterben kann (z. B. durch ungesch\u00fctzten Fall aus zu gro\u00dfer H\u00f6he, ertrinken, etc.).<\/li>\n<li>Um das Level zu beenden, m\u00fcssen 7 Geschenke verteilt werden, jedoch sind diese nicht alle von Beginn an und ohne Umwege zug\u00e4nglich.<\/li>\n<li>Es gibt daneben 7 Secrets zu finden, die weiter keine Wirkung auf das Spiel haben.<\/li>\n<li>Der Schlitten wird von einem Rentier gezogen, nicht von einer Bergziege \u2013 das Erklimmen der Berge ist zu unterlassen, da der Schlitten sich sehr leicht verklemmt und Lara feststeckt, so dass Neuladen n\u00f6tig ist.<\/li>\n<li>Abspeichern bitte nie direkt nach dem Einsetzen eines Puzzles, m\u00f6glichst mindestens 5 Sekunden abwarten.<\/li>\n<\/ul>\n<p><a href=\"https:\/\/trforge.net\/advent\/2009\/day10\/TifaNazah-7_Missing_Gifts.zip\"><img decoding=\"async\" loading=\"lazy\" src=\"https:\/\/www.trforge.net\/wp-content\/uploads\/2018\/04\/download.gif\" alt=\"\" width=\"142\" height=\"50\" class=\"alignnone size-full wp-image-209\" \/><\/a><\/p>\n<p class=\"infobox\">Dieser Content wurde im Rahmen des <a href=\"https:\/\/trforge.net\/advent\/2009\" target=\"_blank\" rel=\"noopener\">TRForge Adventskalenders 2009<\/a> erstellt.<br \/>\nFalls vom Autoren selbst nicht anders angegeben, respektiere bitte die <a href=\"https:\/\/www.trforge.net\/allgemeine-benutzungsrichtlinien\/\">allgemeinen Benutzungsrichtlinien<\/a> zur Nutzung von TRForge-Inhalten.<\/p>\n","protected":false},"excerpt":{"rendered":"<p>Story: Es ist Heiligabend und Lara bereitet sich in ihrem Zimmer vor. Sie hat sich ein h\u00fcbsches Kleid ausgesucht und will gerade ihre Haare machen, als sie unerwartet Besuch bekommt und ein Brief sie erreicht&#8230; Steuerung des Schlittens: STRG \u2192 &hellip; <a href=\"https:\/\/www.trforge.net\/en\/levels\/level-7-fehlende-geschenke\/\">Continue reading <span class=\"meta-nav\">&rarr;<\/span><\/a><\/p>\n","protected":false},"author":1,"featured_media":282,"parent":38,"menu_order":0,"comment_status":"closed","ping_status":"closed","template":"sidebar-page.php","meta":[],"tags":[6],"_links":{"self":[{"href":"https:\/\/www.trforge.net\/en\/wp-json\/wp\/v2\/pages\/281"}],"collection":[{"href":"https:\/\/www.trforge.net\/en\/wp-json\/wp\/v2\/pages"}],"about":[{"href":"https:\/\/www.trforge.net\/en\/wp-json\/wp\/v2\/types\/page"}],"author":[{"embeddable":true,"href":"https:\/\/www.trforge.net\/en\/wp-json\/wp\/v2\/users\/1"}],"replies":[{"embeddable":true,"href":"https:\/\/www.trforge.net\/en\/wp-json\/wp\/v2\/comments?post=281"}],"version-history":[{"count":9,"href":"https:\/\/www.trforge.net\/en\/wp-json\/wp\/v2\/pages\/281\/revisions"}],"predecessor-version":[{"id":1622,"href":"https:\/\/www.trforge.net\/en\/wp-json\/wp\/v2\/pages\/281\/revisions\/1622"}],"up":[{"embeddable":true,"href":"https:\/\/www.trforge.net\/en\/wp-json\/wp\/v2\/pages\/38"}],"wp:featuredmedia":[{"embeddable":true,"href":"https:\/\/www.trforge.net\/en\/wp-json\/wp\/v2\/media\/282"}],"wp:attachment":[{"href":"https:\/\/www.trforge.net\/en\/wp-json\/wp\/v2\/media?parent=281"}],"wp:term":[{"taxonomy":"post_tag","embeddable":true,"href":"https:\/\/www.trforge.net\/en\/wp-json\/wp\/v2\/tags?post=281"}],"curies":[{"name":"wp","href":"https:\/\/api.w.org\/{rel}","templated":true}]}}