{"id":271,"date":"2009-12-01T00:00:33","date_gmt":"2009-11-30T23:00:33","guid":{"rendered":"http:\/\/2018new.trforge.net\/?page_id=271"},"modified":"2018-05-26T16:46:35","modified_gmt":"2018-05-26T14:46:35","slug":"level-christmas-2004-christmas-level-remake","status":"publish","type":"page","link":"https:\/\/www.trforge.net\/en\/levels\/level-christmas-2004-christmas-level-remake\/","title":{"rendered":"Level: Christmas 2004 &#8211; Christmas Level Remake"},"content":{"rendered":"<p><img decoding=\"async\" loading=\"lazy\" class=\"alignnone size-medium\" src=\"https:\/\/trforge.net\/advent\/2009\/day1\/pic.jpg\" width=\"600\" height=\"480\" \/><\/p>\n<h1>Story:<\/h1>\n<p>Es ist Dezember 2004 und Lara m\u00f6chte die Berge Nord-Alaskas mit ihrem wetterfesten Citroen erkunden. Bald schon findet sie eine kleine, verlassene H\u00fctte in der N\u00e4he einer H\u00f6hle. Diese muss einigen Arch\u00e4ologen geh\u00f6rt haben, denn nahe der H\u00fctten und H\u00f6hlen findet Lara einige uralte Tempelruinen, die h\u00f6chstwahrscheinlichzum alaskanischen Eingeborenen-Stamm Yup&#8217;Ik geh\u00f6rten.<\/p>\n<p><a href=\"https:\/\/trforge.net\/advent\/2009\/day1\/Christmas%202004%20-%20Christmas%20Level%20Remake%20by%20Piper.zip\"><img decoding=\"async\" loading=\"lazy\" class=\"alignnone size-full wp-image-209\" src=\"https:\/\/trforge.net\/wp-content\/uploads\/2018\/04\/download.gif\" alt=\"\" width=\"142\" height=\"50\" \/><\/a><\/p>\n<p class=\"infobox\">Dieser Content wurde im Rahmen des <a href=\"https:\/\/trforge.net\/advent\/2009\" target=\"_blank\" rel=\"noopener\">TRForge Adventskalenders 2009<\/a> erstellt.<br \/>\nFalls vom Autoren selbst nicht anders angegeben, respektiere bitte die <a href=\"https:\/\/www.trforge.net\/allgemeine-benutzungsrichtlinien\/\">allgemeinen Benutzungsrichtlinien<\/a> zur Nutzung von TRForge-Inhalten.<\/p>\n","protected":false},"excerpt":{"rendered":"<p>Story: Es ist Dezember 2004 und Lara m\u00f6chte die Berge Nord-Alaskas mit ihrem wetterfesten Citroen erkunden. Bald schon findet sie eine kleine, verlassene H\u00fctte in der N\u00e4he einer H\u00f6hle. Diese muss einigen Arch\u00e4ologen geh\u00f6rt haben, denn nahe der H\u00fctten und &hellip; <a href=\"https:\/\/www.trforge.net\/en\/levels\/level-christmas-2004-christmas-level-remake\/\">Continue reading <span class=\"meta-nav\">&rarr;<\/span><\/a><\/p>\n","protected":false},"author":1,"featured_media":272,"parent":38,"menu_order":0,"comment_status":"closed","ping_status":"closed","template":"sidebar-page.php","meta":[],"tags":[6],"_links":{"self":[{"href":"https:\/\/www.trforge.net\/en\/wp-json\/wp\/v2\/pages\/271"}],"collection":[{"href":"https:\/\/www.trforge.net\/en\/wp-json\/wp\/v2\/pages"}],"about":[{"href":"https:\/\/www.trforge.net\/en\/wp-json\/wp\/v2\/types\/page"}],"author":[{"embeddable":true,"href":"https:\/\/www.trforge.net\/en\/wp-json\/wp\/v2\/users\/1"}],"replies":[{"embeddable":true,"href":"https:\/\/www.trforge.net\/en\/wp-json\/wp\/v2\/comments?post=271"}],"version-history":[{"count":9,"href":"https:\/\/www.trforge.net\/en\/wp-json\/wp\/v2\/pages\/271\/revisions"}],"predecessor-version":[{"id":1668,"href":"https:\/\/www.trforge.net\/en\/wp-json\/wp\/v2\/pages\/271\/revisions\/1668"}],"up":[{"embeddable":true,"href":"https:\/\/www.trforge.net\/en\/wp-json\/wp\/v2\/pages\/38"}],"wp:featuredmedia":[{"embeddable":true,"href":"https:\/\/www.trforge.net\/en\/wp-json\/wp\/v2\/media\/272"}],"wp:attachment":[{"href":"https:\/\/www.trforge.net\/en\/wp-json\/wp\/v2\/media?parent=271"}],"wp:term":[{"taxonomy":"post_tag","embeddable":true,"href":"https:\/\/www.trforge.net\/en\/wp-json\/wp\/v2\/tags?post=271"}],"curies":[{"name":"wp","href":"https:\/\/api.w.org\/{rel}","templated":true}]}}