{"id":266,"date":"2008-12-23T00:00:15","date_gmt":"2008-12-22T23:00:15","guid":{"rendered":"http:\/\/2018new.trforge.net\/?page_id=266"},"modified":"2018-05-21T19:56:48","modified_gmt":"2018-05-21T17:56:48","slug":"level-the-snowqueen","status":"publish","type":"page","link":"https:\/\/www.trforge.net\/en\/levels\/level-the-snowqueen\/","title":{"rendered":"Level: The Snowqueen"},"content":{"rendered":"<p><img decoding=\"async\" loading=\"lazy\" class=\"alignnone size-medium\" src=\"https:\/\/trforge.net\/advent\/day23\/screen1.jpg\" width=\"500\" height=\"375\" \/><\/p>\n<h1>Story:<\/h1>\n<p>Anfang Dezember begann es zu schneien. Erst freute sich jeder dar\u00fcber. Doch der Winter wurde dunkler und k\u00e4lter. Als am Weihnachtsmorgen sogar nicht einmal mehr die Sonne aufging, begannen die Leute sich Sorgen zu machen. Eine Fee, die W\u00e4chter im Palast der Schneek\u00f6nigin ist, erz\u00e4hlte Lara in einem Traum, dass eines der Einh\u00f6rner in den W\u00e4ldern fehlen w\u00fcrde. Und das k\u00f6nnte der Grund sein, dass es so ungew\u00f6hnlich kalt ist. Vielleicht hatte die Schneek\u00f6nigin es satt, nur f\u00fcr ein Vierteljahr herrschen zu d\u00fcrfen. Aber da sie selbst der Winter ist, kann oder sollte niemand sie t\u00f6ten&#8230;<\/p>\n<p>Secrets: 9 Eisrosen \/ Ice Roses<\/p>\n<p><a href=\"http:\/\/trforge.net\/advent\/day23\/Snowqueen.zip\"><img decoding=\"async\" loading=\"lazy\" class=\"alignnone size-full wp-image-209\" src=\"https:\/\/trforge.net\/wp-content\/uploads\/2018\/04\/download.gif\" alt=\"\" width=\"142\" height=\"50\" \/><\/a><\/p>\n<h1>Wichtige Hinweise:<\/h1>\n<p>Lies die Readme. Nun, danke schon mal daf\u00fcr.<\/p>\n<p>Dies ist KEIN friedliches Level. Geh im Schnee spielen, wenn du noch nicht alt genug bist.<\/p>\n<p>Dieser Level ben\u00f6tigt eine gepatchte Exe und l\u00e4uft daher nicht auf einem Mac.<\/p>\n<p><strong>Credits f\u00fcr Objekte, Sounds und Texturen:<\/strong><br \/>\nJuttae<br \/>\nPo Yu<br \/>\nTifaNazah<br \/>\nTomo<br \/>\nuranos<\/p>\n<p><strong>Und nur f\u00fcr den Fall:<\/strong> Jeden, den wir vergessen haben, zu erw\u00e4hnen!<\/p>\n<p>Respektiere die Arbeit anderer Leute. Frag die Autoren um Erlaubnis, wenn du etwas aus diesem Level verwenden m\u00f6chtest.<br \/>\nwww.trforge.net<br \/>\nwww.codos-cosmos.de<br \/>\nwww.tinulin.de<\/p>\n<p class=\"infobox\">Dieser Content wurde im Rahmen des <a href=\"http:\/\/trforge.net\/advent\/\" target=\"_blank\" rel=\"noopener\">TRForge Adventskalenders 2008<\/a> erstellt.<br \/>\nFalls vom Autoren selbst nicht anders angegeben, respektiere bitte die <a href=\"http:\/\/www.trforge.net\/allgemeine-benutzungsrichtlinien\/\">allgemeinen Benutzungsrichtlinien<\/a> zur Nutzung von TRForge-Inhalten.<\/p>\n","protected":false},"excerpt":{"rendered":"<p>Story: Anfang Dezember begann es zu schneien. Erst freute sich jeder dar\u00fcber. Doch der Winter wurde dunkler und k\u00e4lter. Als am Weihnachtsmorgen sogar nicht einmal mehr die Sonne aufging, begannen die Leute sich Sorgen zu machen. Eine Fee, die W\u00e4chter &hellip; <a href=\"https:\/\/www.trforge.net\/en\/levels\/level-the-snowqueen\/\">Continue reading <span class=\"meta-nav\">&rarr;<\/span><\/a><\/p>\n","protected":false},"author":1,"featured_media":267,"parent":38,"menu_order":0,"comment_status":"closed","ping_status":"closed","template":"sidebar-page.php","meta":[],"tags":[6],"_links":{"self":[{"href":"https:\/\/www.trforge.net\/en\/wp-json\/wp\/v2\/pages\/266"}],"collection":[{"href":"https:\/\/www.trforge.net\/en\/wp-json\/wp\/v2\/pages"}],"about":[{"href":"https:\/\/www.trforge.net\/en\/wp-json\/wp\/v2\/types\/page"}],"author":[{"embeddable":true,"href":"https:\/\/www.trforge.net\/en\/wp-json\/wp\/v2\/users\/1"}],"replies":[{"embeddable":true,"href":"https:\/\/www.trforge.net\/en\/wp-json\/wp\/v2\/comments?post=266"}],"version-history":[{"count":10,"href":"https:\/\/www.trforge.net\/en\/wp-json\/wp\/v2\/pages\/266\/revisions"}],"predecessor-version":[{"id":1630,"href":"https:\/\/www.trforge.net\/en\/wp-json\/wp\/v2\/pages\/266\/revisions\/1630"}],"up":[{"embeddable":true,"href":"https:\/\/www.trforge.net\/en\/wp-json\/wp\/v2\/pages\/38"}],"wp:featuredmedia":[{"embeddable":true,"href":"https:\/\/www.trforge.net\/en\/wp-json\/wp\/v2\/media\/267"}],"wp:attachment":[{"href":"https:\/\/www.trforge.net\/en\/wp-json\/wp\/v2\/media?parent=266"}],"wp:term":[{"taxonomy":"post_tag","embeddable":true,"href":"https:\/\/www.trforge.net\/en\/wp-json\/wp\/v2\/tags?post=266"}],"curies":[{"name":"wp","href":"https:\/\/api.w.org\/{rel}","templated":true}]}}