{"id":263,"date":"2008-12-02T00:00:56","date_gmt":"2008-12-01T23:00:56","guid":{"rendered":"http:\/\/2018new.trforge.net\/?page_id=263"},"modified":"2018-05-26T16:45:44","modified_gmt":"2018-05-26T14:45:44","slug":"level-changzhug-monastery","status":"publish","type":"page","link":"https:\/\/www.trforge.net\/en\/levels\/level-changzhug-monastery\/","title":{"rendered":"Level: Changzhug Monastery"},"content":{"rendered":"<p><img decoding=\"async\" loading=\"lazy\" class=\"alignnone size-medium\" src=\"https:\/\/trforge.net\/advent\/day20\/tibet.jpg\" width=\"300\" height=\"240\" \/><\/p>\n<h1>Story:<\/h1>\n<p>Hoch oben im tibetanischen Hochland ist das Kloster von Changzhug zu finden. Es hat ein goldenes Dach, das der 5. Dalai Lama vor 400 hat errichten lassen. Der wichtigste Schatz des Klosters ist eine mit Perlen bestickte Thangka, die von der Prinzessin Wen Cheng handgefertigt wurde. Sie stellt sie selbst als wei\u00dfe Tara dar. Nach einer langen Pechstr\u00e4hne im Kloster ist nun herausgekommen, dass die Thangka mit einem Fluch belegt ist. Ein M\u00f6nch, der gut mit Lara befreundet ist und sie noch aus dem Kloster von Barkhang kennt, ruft sie an und bittet sie, die Thangka aus dem Kloster zu schaffen, denn die M\u00f6nche f\u00fcrchten sich zu sehr davor. Vor Ort stellt sie fest, dass einige S\u00f6ldner auch schon davon Wind bekommen haben, dass die M\u00f6nche ihren Schatz nicht mehr haben wollen. Diese Gelegenheit nutzen sie also und rauben zu allem \u00dcberfluss fast das ganze Kloster aus. Sie d\u00fcrfen die Thangka nicht in die Finger kriegen, weil sie damit Dinge tun k\u00f6nnen, die dem Changzhug-Orden gro\u00dfen Schaden zuf\u00fcgen k\u00f6nnen. Die M\u00f6nche sind derweil aus dem Kloster geflohen, weil sie sich im Gegensatz zu den Barkhang- oder Denbonche-M\u00f6nchen nicht gegen Eindringlinge wehren k\u00f6nnen.<\/p>\n<p><a href=\"https:\/\/trforge.net\/advent\/day20\/PiperChangzhugMonastery.zip\"><img decoding=\"async\" loading=\"lazy\" class=\"alignnone size-full wp-image-209\" src=\"https:\/\/trforge.net\/wp-content\/uploads\/2018\/04\/download.gif\" alt=\"\" width=\"142\" height=\"50\" \/><\/a><\/p>\n<p>Secrets: 3<\/p>\n<h1>Anmerkungen:<\/h1>\n<p>Dieser Level enth\u00e4lt einige Fallen und Gegner, daher ist er nicht kindertauglich.<br \/>\nGibt eigentlich nicht viel zu sagen. Dass ich mit diesem Level meinem Lieblingslevel aus TR2 huldigen will, ist euch bei der Story vielleicht schon aufgefallen. \ud83d\ude09 In der Story ist nur der erste Absatz \u00fcber Changzhug historisch korrekt, der Rest ist frei erfunden. \ud83d\ude00 Ich hoffe, es gef\u00e4llt euch. Happy Raiding!<\/p>\n<h1>Credits:<\/h1>\n<p>Vielen vielen Dank an die Mitglieder von TRForge.net, besonders Uranos, Codo und Gabiza, die mir bei jedem kleinen und gro\u00dfen und nervt\u00f6tenden Fehlern und Problemen geholfen haben, Pilzkekse f\u00fcr alle! \ud83d\ude09 Dann nochmals Gabiza f\u00fcr das Thangka-Objekt, Wikipedia f\u00fcr die Infos \u00fcber Changzhug \ud83d\ude09 Danke auch an Tifa f\u00fcr&#8217;s Testen.<\/p>\n<p class=\"infobox\">Dieser Content wurde im Rahmen des <a href=\"https:\/\/trforge.net\/advent\/\" target=\"_blank\" rel=\"noopener\">TRForge Adventskalenders 2008<\/a> erstellt.<br \/>\nFalls vom Autoren selbst nicht anders angegeben, respektiere bitte die <a href=\"https:\/\/www.trforge.net\/allgemeine-benutzungsrichtlinien\/\">allgemeinen Benutzungsrichtlinien<\/a> zur Nutzung von TRForge-Inhalten.<\/p>\n","protected":false},"excerpt":{"rendered":"<p>Story: Hoch oben im tibetanischen Hochland ist das Kloster von Changzhug zu finden. Es hat ein goldenes Dach, das der 5. Dalai Lama vor 400 hat errichten lassen. Der wichtigste Schatz des Klosters ist eine mit Perlen bestickte Thangka, die &hellip; <a href=\"https:\/\/www.trforge.net\/en\/levels\/level-changzhug-monastery\/\">Continue reading <span class=\"meta-nav\">&rarr;<\/span><\/a><\/p>\n","protected":false},"author":1,"featured_media":264,"parent":38,"menu_order":0,"comment_status":"closed","ping_status":"closed","template":"sidebar-page.php","meta":[],"tags":[6],"_links":{"self":[{"href":"https:\/\/www.trforge.net\/en\/wp-json\/wp\/v2\/pages\/263"}],"collection":[{"href":"https:\/\/www.trforge.net\/en\/wp-json\/wp\/v2\/pages"}],"about":[{"href":"https:\/\/www.trforge.net\/en\/wp-json\/wp\/v2\/types\/page"}],"author":[{"embeddable":true,"href":"https:\/\/www.trforge.net\/en\/wp-json\/wp\/v2\/users\/1"}],"replies":[{"embeddable":true,"href":"https:\/\/www.trforge.net\/en\/wp-json\/wp\/v2\/comments?post=263"}],"version-history":[{"count":7,"href":"https:\/\/www.trforge.net\/en\/wp-json\/wp\/v2\/pages\/263\/revisions"}],"predecessor-version":[{"id":1665,"href":"https:\/\/www.trforge.net\/en\/wp-json\/wp\/v2\/pages\/263\/revisions\/1665"}],"up":[{"embeddable":true,"href":"https:\/\/www.trforge.net\/en\/wp-json\/wp\/v2\/pages\/38"}],"wp:featuredmedia":[{"embeddable":true,"href":"https:\/\/www.trforge.net\/en\/wp-json\/wp\/v2\/media\/264"}],"wp:attachment":[{"href":"https:\/\/www.trforge.net\/en\/wp-json\/wp\/v2\/media?parent=263"}],"wp:term":[{"taxonomy":"post_tag","embeddable":true,"href":"https:\/\/www.trforge.net\/en\/wp-json\/wp\/v2\/tags?post=263"}],"curies":[{"name":"wp","href":"https:\/\/api.w.org\/{rel}","templated":true}]}}